{"id":1327,"date":"2020-02-20T09:12:25","date_gmt":"2020-02-20T09:12:25","guid":{"rendered":"http:\/\/lombardocarmelo.it\/?page_id=1327"},"modified":"2022-01-22T16:54:57","modified_gmt":"2022-01-22T16:54:57","slug":"info","status":"publish","type":"page","link":"https:\/\/lombardocarmelo.it\/index.php\/info\/","title":{"rendered":"Info"},"content":{"rendered":"\t\t<div data-elementor-type=\"wp-page\" data-elementor-id=\"1327\" class=\"elementor elementor-1327\" data-elementor-settings=\"[]\">\n\t\t\t\t\t\t<div class=\"elementor-inner\">\n\t\t\t\t\t\t\t<div class=\"elementor-section-wrap\">\n\t\t\t\t\t\t\t<section class=\"elementor-section elementor-top-section elementor-element elementor-element-38613298 elementor-section-boxed elementor-section-height-default elementor-section-height-default\" data-id=\"38613298\" data-element_type=\"section\">\n\t\t\t\t\t\t<div class=\"elementor-container elementor-column-gap-default\">\n\t\t\t\t\t\t\t<div class=\"elementor-row\">\n\t\t\t\t\t<div class=\"elementor-column elementor-col-100 elementor-top-column elementor-element elementor-element-31037e55\" data-id=\"31037e55\" data-element_type=\"column\">\n\t\t\t<div class=\"elementor-column-wrap elementor-element-populated\">\n\t\t\t\t\t\t\t<div class=\"elementor-widget-wrap\">\n\t\t\t\t\t\t<div class=\"elementor-element elementor-element-724ef380 elementor-widget elementor-widget-text-editor\" data-id=\"724ef380\" data-element_type=\"widget\" data-widget_type=\"text-editor.default\">\n\t\t\t\t<div class=\"elementor-widget-container\">\n\t\t\t\t\t<div class=\"elementor-text-editor elementor-clearfix\"><!-- wp:themeisle-blocks\/advanced-columns {\"id\":\"wp-block-themeisle-blocks-advanced-columns-36e651f3\"} -->\n<div class=\"wp-block-themeisle-blocks-advanced-columns has-undefined-columns has-desktop-undefined-layout has-tablet-equal-layout has-mobile-equal-layout has-default-gap has-vertical-unset\" id=\"wp-block-themeisle-blocks-advanced-columns-36e651f3\" style=\"border-width:0px;border-style:solid;border-color:#000000;border-radius:0px;justify-content:unset\"><div class=\"wp-themeisle-block-overlay\" style=\"opacity:0.5;mix-blend-mode:normal\"><\/div><div class=\"innerblocks-wrap\"><\/div><\/div>\n<!-- \/wp:themeisle-blocks\/advanced-columns --><\/div>\n\t\t\t\t<\/div>\n\t\t\t\t<\/div>\n\t\t\t\t\t\t<\/div>\n\t\t\t\t\t<\/div>\n\t\t<\/div>\n\t\t\t\t\t\t\t\t<\/div>\n\t\t\t\t\t<\/div>\n\t\t<\/section>\n\t\t\t\t<section class=\"elementor-section elementor-top-section elementor-element elementor-element-dfe4090 elementor-section-boxed elementor-section-height-default elementor-section-height-default\" data-id=\"dfe4090\" data-element_type=\"section\" data-settings=\"{&quot;background_background&quot;:&quot;classic&quot;}\">\n\t\t\t\t\t\t<div class=\"elementor-container elementor-column-gap-no\">\n\t\t\t\t\t\t\t<div class=\"elementor-row\">\n\t\t\t\t\t<div class=\"elementor-column elementor-col-50 elementor-top-column elementor-element elementor-element-9f5ece6\" data-id=\"9f5ece6\" data-element_type=\"column\">\n\t\t\t<div class=\"elementor-column-wrap elementor-element-populated\">\n\t\t\t\t\t\t\t<div class=\"elementor-widget-wrap\">\n\t\t\t\t\t\t<div class=\"elementor-element elementor-element-46643e0 elementor-hidden-tablet elementor-hidden-phone elementor-widget elementor-widget-image\" data-id=\"46643e0\" data-element_type=\"widget\" data-widget_type=\"image.default\">\n\t\t\t\t<div class=\"elementor-widget-container\">\n\t\t\t\t\t<div class=\"elementor-image\">\n\t\t\t\t\t\t\t\t\t\t<img src=\"https:\/\/lombardocarmelo.it\/wp-content\/uploads\/2019\/12\/46348648_10215206346364465_7567358365504897024_o.jpg\" title=\"46348648_10215206346364465_7567358365504897024_o\" alt=\"46348648_10215206346364465_7567358365504897024_o\" \/>\t\t\t\t\t\t\t\t\t\t\t<\/div>\n\t\t\t\t<\/div>\n\t\t\t\t<\/div>\n\t\t\t\t\t\t<\/div>\n\t\t\t\t\t<\/div>\n\t\t<\/div>\n\t\t\t\t<div class=\"elementor-column elementor-col-50 elementor-top-column elementor-element elementor-element-0373d3b animated-slow elementor-invisible\" data-id=\"0373d3b\" data-element_type=\"column\" data-settings=\"{&quot;animation&quot;:&quot;fadeInRight&quot;}\">\n\t\t\t<div class=\"elementor-column-wrap elementor-element-populated\">\n\t\t\t\t\t\t\t<div class=\"elementor-widget-wrap\">\n\t\t\t\t\t\t<section class=\"elementor-section elementor-inner-section elementor-element elementor-element-80476f8 elementor-section-boxed elementor-section-height-default elementor-section-height-default\" data-id=\"80476f8\" data-element_type=\"section\" data-settings=\"{&quot;background_background&quot;:&quot;classic&quot;}\">\n\t\t\t\t\t\t<div class=\"elementor-container elementor-column-gap-default\">\n\t\t\t\t\t\t\t<div class=\"elementor-row\">\n\t\t\t\t\t<div class=\"elementor-column elementor-col-100 elementor-inner-column elementor-element elementor-element-c77d9e8\" data-id=\"c77d9e8\" data-element_type=\"column\">\n\t\t\t<div class=\"elementor-column-wrap elementor-element-populated\">\n\t\t\t\t\t\t\t<div class=\"elementor-widget-wrap\">\n\t\t\t\t\t\t<div class=\"elementor-element elementor-element-f27a496 elementor-widget elementor-widget-menu-anchor\" data-id=\"f27a496\" data-element_type=\"widget\" data-widget_type=\"menu-anchor.default\">\n\t\t\t\t<div class=\"elementor-widget-container\">\n\t\t\t\t\t<div id=\"about\" class=\"elementor-menu-anchor\"><\/div>\n\t\t\t\t<\/div>\n\t\t\t\t<\/div>\n\t\t\t\t<div class=\"elementor-element elementor-element-0dc5787 elementor-widget elementor-widget-heading\" data-id=\"0dc5787\" data-element_type=\"widget\" data-widget_type=\"heading.default\">\n\t\t\t\t<div class=\"elementor-widget-container\">\n\t\t\t<h2 class=\"elementor-heading-title elementor-size-default\">Chi sono.<\/h2>\t\t<\/div>\n\t\t\t\t<\/div>\n\t\t\t\t<div class=\"elementor-element elementor-element-adce22c elementor-drop-cap-yes elementor-drop-cap-view-default elementor-widget elementor-widget-text-editor\" data-id=\"adce22c\" data-element_type=\"widget\" data-settings=\"{&quot;drop_cap&quot;:&quot;yes&quot;}\" data-widget_type=\"text-editor.default\">\n\t\t\t\t<div class=\"elementor-widget-container\">\n\t\t\t\t\t<div class=\"elementor-text-editor elementor-clearfix\"><p>Mi chiamo Carmelo Lombardo.\u00a0<br \/><span style=\"letter-spacing: 0px;\">Laureato presso l&#8217;Accademia di Belle Arti di Catania in Scenografia, mi specializzo nel settore della grafica e della progettazione 3D.<\/span><\/p><p>Da diversi anni mi occupo di Design, Grafica ed Animazione lavorando nel settore come grafico aziendale e freelance.<\/p><p><b>L\u2019arte non riproduce ci\u00f2 che \u00e8 visibile, ma rende visibile ci\u00f2 che non sempre lo \u00e8. (Paul Klee)\u00a0<\/b><\/p><p>Il mio lavoro consiste nell&#8217;aiutare imprenditori e liberi professionisti a migliorare la propria immagine aziendale, a comunicare e far conoscere i propri prodotti.<\/p><\/div>\n\t\t\t\t<\/div>\n\t\t\t\t<\/div>\n\t\t\t\t<div class=\"elementor-element elementor-element-d03e7ee elementor-widget elementor-widget-spacer\" data-id=\"d03e7ee\" data-element_type=\"widget\" data-widget_type=\"spacer.default\">\n\t\t\t\t<div class=\"elementor-widget-container\">\n\t\t\t\t\t<div class=\"elementor-spacer\">\n\t\t\t<div class=\"elementor-spacer-inner\"><\/div>\n\t\t<\/div>\n\t\t\t\t<\/div>\n\t\t\t\t<\/div>\n\t\t\t\t\t\t<\/div>\n\t\t\t\t\t<\/div>\n\t\t<\/div>\n\t\t\t\t\t\t\t\t<\/div>\n\t\t\t\t\t<\/div>\n\t\t<\/section>\n\t\t\t\t<section class=\"elementor-section elementor-inner-section elementor-element elementor-element-8f2eb5e elementor-section-full_width elementor-section-height-default elementor-section-height-default\" data-id=\"8f2eb5e\" data-element_type=\"section\">\n\t\t\t\t\t\t<div class=\"elementor-container elementor-column-gap-default\">\n\t\t\t\t\t\t\t<div class=\"elementor-row\">\n\t\t\t\t\t<div class=\"elementor-column elementor-col-25 elementor-inner-column elementor-element elementor-element-23a8faf\" data-id=\"23a8faf\" data-element_type=\"column\">\n\t\t\t<div class=\"elementor-column-wrap elementor-element-populated\">\n\t\t\t\t\t\t\t<div class=\"elementor-widget-wrap\">\n\t\t\t\t\t\t<div class=\"elementor-element elementor-element-e6921a9 elementor-widget elementor-widget-spacer\" data-id=\"e6921a9\" data-element_type=\"widget\" data-widget_type=\"spacer.default\">\n\t\t\t\t<div class=\"elementor-widget-container\">\n\t\t\t\t\t<div class=\"elementor-spacer\">\n\t\t\t<div class=\"elementor-spacer-inner\"><\/div>\n\t\t<\/div>\n\t\t\t\t<\/div>\n\t\t\t\t<\/div>\n\t\t\t\t\t\t<\/div>\n\t\t\t\t\t<\/div>\n\t\t<\/div>\n\t\t\t\t<div class=\"elementor-column elementor-col-25 elementor-inner-column elementor-element elementor-element-f5132e6\" data-id=\"f5132e6\" data-element_type=\"column\">\n\t\t\t<div class=\"elementor-column-wrap elementor-element-populated\">\n\t\t\t\t\t\t\t<div class=\"elementor-widget-wrap\">\n\t\t\t\t\t\t<div class=\"elementor-element elementor-element-f00075c elementor-widget elementor-widget-spacer\" data-id=\"f00075c\" data-element_type=\"widget\" data-widget_type=\"spacer.default\">\n\t\t\t\t<div class=\"elementor-widget-container\">\n\t\t\t\t\t<div class=\"elementor-spacer\">\n\t\t\t<div class=\"elementor-spacer-inner\"><\/div>\n\t\t<\/div>\n\t\t\t\t<\/div>\n\t\t\t\t<\/div>\n\t\t\t\t\t\t<\/div>\n\t\t\t\t\t<\/div>\n\t\t<\/div>\n\t\t\t\t<div class=\"elementor-column elementor-col-25 elementor-inner-column elementor-element elementor-element-bc10f77\" data-id=\"bc10f77\" data-element_type=\"column\">\n\t\t\t<div class=\"elementor-column-wrap elementor-element-populated\">\n\t\t\t\t\t\t\t<div class=\"elementor-widget-wrap\">\n\t\t\t\t\t\t<div class=\"elementor-element elementor-element-6f42f84 elementor-widget elementor-widget-spacer\" data-id=\"6f42f84\" data-element_type=\"widget\" data-widget_type=\"spacer.default\">\n\t\t\t\t<div class=\"elementor-widget-container\">\n\t\t\t\t\t<div class=\"elementor-spacer\">\n\t\t\t<div class=\"elementor-spacer-inner\"><\/div>\n\t\t<\/div>\n\t\t\t\t<\/div>\n\t\t\t\t<\/div>\n\t\t\t\t\t\t<\/div>\n\t\t\t\t\t<\/div>\n\t\t<\/div>\n\t\t\t\t<div class=\"elementor-column elementor-col-25 elementor-inner-column elementor-element elementor-element-861daaa\" data-id=\"861daaa\" data-element_type=\"column\">\n\t\t\t<div class=\"elementor-column-wrap elementor-element-populated\">\n\t\t\t\t\t\t\t<div class=\"elementor-widget-wrap\">\n\t\t\t\t\t\t<div class=\"elementor-element elementor-element-4b1a5b4 elementor-widget elementor-widget-spacer\" data-id=\"4b1a5b4\" data-element_type=\"widget\" data-widget_type=\"spacer.default\">\n\t\t\t\t<div class=\"elementor-widget-container\">\n\t\t\t\t\t<div class=\"elementor-spacer\">\n\t\t\t<div class=\"elementor-spacer-inner\"><\/div>\n\t\t<\/div>\n\t\t\t\t<\/div>\n\t\t\t\t<\/div>\n\t\t\t\t\t\t<\/div>\n\t\t\t\t\t<\/div>\n\t\t<\/div>\n\t\t\t\t\t\t\t\t<\/div>\n\t\t\t\t\t<\/div>\n\t\t<\/section>\n\t\t\t\t\t\t<\/div>\n\t\t\t\t\t<\/div>\n\t\t<\/div>\n\t\t\t\t\t\t\t\t<\/div>\n\t\t\t\t\t<\/div>\n\t\t<\/section>\n\t\t\t\t<section class=\"elementor-section elementor-top-section elementor-element elementor-element-a0f772d elementor-section-boxed elementor-section-height-default elementor-section-height-default\" data-id=\"a0f772d\" data-element_type=\"section\">\n\t\t\t\t\t\t<div class=\"elementor-container elementor-column-gap-default\">\n\t\t\t\t\t\t\t<div class=\"elementor-row\">\n\t\t\t\t\t<div class=\"elementor-column elementor-col-100 elementor-top-column elementor-element elementor-element-9898bae\" data-id=\"9898bae\" data-element_type=\"column\">\n\t\t\t<div class=\"elementor-column-wrap elementor-element-populated\">\n\t\t\t\t\t\t\t<div class=\"elementor-widget-wrap\">\n\t\t\t\t\t\t<section class=\"elementor-section elementor-inner-section elementor-element elementor-element-3d68c87 elementor-section-boxed elementor-section-height-default elementor-section-height-default\" data-id=\"3d68c87\" data-element_type=\"section\">\n\t\t\t\t\t\t<div class=\"elementor-container elementor-column-gap-default\">\n\t\t\t\t\t\t\t<div class=\"elementor-row\">\n\t\t\t\t\t<div class=\"elementor-column elementor-col-25 elementor-inner-column elementor-element elementor-element-86b7e44\" data-id=\"86b7e44\" data-element_type=\"column\">\n\t\t\t<div class=\"elementor-column-wrap elementor-element-populated\">\n\t\t\t\t\t\t\t<div class=\"elementor-widget-wrap\">\n\t\t\t\t\t\t<div class=\"elementor-element elementor-element-76bd7d9 elementor-widget elementor-widget-image\" data-id=\"76bd7d9\" data-element_type=\"widget\" data-widget_type=\"image.default\">\n\t\t\t\t<div class=\"elementor-widget-container\">\n\t\t\t\t\t<div class=\"elementor-image\">\n\t\t\t\t\t\t\t\t\t\t\t<a href=\"http:\/\/www.facebook.com\/LC-Visual-Designer-112481603882416\" target=\"_blank\">\n\t\t\t\t\t\t\t<img width=\"1024\" height=\"689\" src=\"https:\/\/lombardocarmelo.it\/wp-content\/uploads\/2020\/02\/20-1-1024x689.png\" class=\"attachment-large size-large\" alt=\"\" loading=\"lazy\" srcset=\"https:\/\/lombardocarmelo.it\/wp-content\/uploads\/2020\/02\/20-1-1024x689.png 1024w, https:\/\/lombardocarmelo.it\/wp-content\/uploads\/2020\/02\/20-1-600x404.png 600w, https:\/\/lombardocarmelo.it\/wp-content\/uploads\/2020\/02\/20-1-300x202.png 300w, https:\/\/lombardocarmelo.it\/wp-content\/uploads\/2020\/02\/20-1-768x517.png 768w, https:\/\/lombardocarmelo.it\/wp-content\/uploads\/2020\/02\/20-1-1536x1033.png 1536w, https:\/\/lombardocarmelo.it\/wp-content\/uploads\/2020\/02\/20-1.png 1824w\" sizes=\"(max-width: 1024px) 100vw, 1024px\" \/>\t\t\t\t\t\t\t\t<\/a>\n\t\t\t\t\t\t\t\t\t\t\t<\/div>\n\t\t\t\t<\/div>\n\t\t\t\t<\/div>\n\t\t\t\t\t\t<\/div>\n\t\t\t\t\t<\/div>\n\t\t<\/div>\n\t\t\t\t<div class=\"elementor-column elementor-col-25 elementor-inner-column elementor-element elementor-element-a853c6b\" data-id=\"a853c6b\" data-element_type=\"column\">\n\t\t\t<div class=\"elementor-column-wrap elementor-element-populated\">\n\t\t\t\t\t\t\t<div class=\"elementor-widget-wrap\">\n\t\t\t\t\t\t<div class=\"elementor-element elementor-element-e0eeda7 elementor-widget elementor-widget-image\" data-id=\"e0eeda7\" data-element_type=\"widget\" data-widget_type=\"image.default\">\n\t\t\t\t<div class=\"elementor-widget-container\">\n\t\t\t\t\t<div class=\"elementor-image\">\n\t\t\t\t\t\t\t\t\t\t\t<a href=\"https:\/\/www.instagram.com\/aki_te\/\" target=\"_blank\">\n\t\t\t\t\t\t\t<img width=\"1024\" height=\"689\" src=\"https:\/\/lombardocarmelo.it\/wp-content\/uploads\/2020\/02\/21-1-1024x689.png\" class=\"attachment-large size-large\" alt=\"\" loading=\"lazy\" srcset=\"https:\/\/lombardocarmelo.it\/wp-content\/uploads\/2020\/02\/21-1-1024x689.png 1024w, https:\/\/lombardocarmelo.it\/wp-content\/uploads\/2020\/02\/21-1-600x404.png 600w, https:\/\/lombardocarmelo.it\/wp-content\/uploads\/2020\/02\/21-1-300x202.png 300w, https:\/\/lombardocarmelo.it\/wp-content\/uploads\/2020\/02\/21-1-768x517.png 768w, https:\/\/lombardocarmelo.it\/wp-content\/uploads\/2020\/02\/21-1-1536x1033.png 1536w, https:\/\/lombardocarmelo.it\/wp-content\/uploads\/2020\/02\/21-1.png 1824w\" sizes=\"(max-width: 1024px) 100vw, 1024px\" \/>\t\t\t\t\t\t\t\t<\/a>\n\t\t\t\t\t\t\t\t\t\t\t<\/div>\n\t\t\t\t<\/div>\n\t\t\t\t<\/div>\n\t\t\t\t\t\t<\/div>\n\t\t\t\t\t<\/div>\n\t\t<\/div>\n\t\t\t\t<div class=\"elementor-column elementor-col-25 elementor-inner-column elementor-element elementor-element-469ee01\" data-id=\"469ee01\" data-element_type=\"column\">\n\t\t\t<div class=\"elementor-column-wrap elementor-element-populated\">\n\t\t\t\t\t\t\t<div class=\"elementor-widget-wrap\">\n\t\t\t\t\t\t<div class=\"elementor-element elementor-element-6765318 elementor-widget elementor-widget-image\" data-id=\"6765318\" data-element_type=\"widget\" data-widget_type=\"image.default\">\n\t\t\t\t<div class=\"elementor-widget-container\">\n\t\t\t\t\t<div class=\"elementor-image\">\n\t\t\t\t\t\t\t\t\t\t\t<a href=\"https:\/\/www.linkedin.com\/in\/carmelo-lombardo-7aa44a108\/\" target=\"_blank\">\n\t\t\t\t\t\t\t<img width=\"1024\" height=\"689\" src=\"https:\/\/lombardocarmelo.it\/wp-content\/uploads\/2020\/02\/linkedin-1024x689.png\" class=\"attachment-large size-large\" alt=\"\" loading=\"lazy\" srcset=\"https:\/\/lombardocarmelo.it\/wp-content\/uploads\/2020\/02\/linkedin-1024x689.png 1024w, https:\/\/lombardocarmelo.it\/wp-content\/uploads\/2020\/02\/linkedin-600x404.png 600w, https:\/\/lombardocarmelo.it\/wp-content\/uploads\/2020\/02\/linkedin-300x202.png 300w, https:\/\/lombardocarmelo.it\/wp-content\/uploads\/2020\/02\/linkedin-768x517.png 768w, https:\/\/lombardocarmelo.it\/wp-content\/uploads\/2020\/02\/linkedin-1536x1033.png 1536w, https:\/\/lombardocarmelo.it\/wp-content\/uploads\/2020\/02\/linkedin.png 1824w\" sizes=\"(max-width: 1024px) 100vw, 1024px\" \/>\t\t\t\t\t\t\t\t<\/a>\n\t\t\t\t\t\t\t\t\t\t\t<\/div>\n\t\t\t\t<\/div>\n\t\t\t\t<\/div>\n\t\t\t\t\t\t<\/div>\n\t\t\t\t\t<\/div>\n\t\t<\/div>\n\t\t\t\t<div class=\"elementor-column elementor-col-25 elementor-inner-column elementor-element elementor-element-f0bb39a\" data-id=\"f0bb39a\" data-element_type=\"column\">\n\t\t\t<div class=\"elementor-column-wrap elementor-element-populated\">\n\t\t\t\t\t\t\t<div class=\"elementor-widget-wrap\">\n\t\t\t\t\t\t<div class=\"elementor-element elementor-element-893f383 elementor-widget elementor-widget-image\" data-id=\"893f383\" data-element_type=\"widget\" data-widget_type=\"image.default\">\n\t\t\t\t<div class=\"elementor-widget-container\">\n\t\t\t\t\t<div class=\"elementor-image\">\n\t\t\t\t\t\t\t\t\t\t<img width=\"1024\" height=\"689\" src=\"https:\/\/lombardocarmelo.it\/wp-content\/uploads\/2020\/05\/Socialcontatti-1024x689.png\" class=\"attachment-large size-large\" alt=\"\" loading=\"lazy\" srcset=\"https:\/\/lombardocarmelo.it\/wp-content\/uploads\/2020\/05\/Socialcontatti-1024x689.png 1024w, https:\/\/lombardocarmelo.it\/wp-content\/uploads\/2020\/05\/Socialcontatti-600x404.png 600w, https:\/\/lombardocarmelo.it\/wp-content\/uploads\/2020\/05\/Socialcontatti-300x202.png 300w, https:\/\/lombardocarmelo.it\/wp-content\/uploads\/2020\/05\/Socialcontatti-768x517.png 768w, https:\/\/lombardocarmelo.it\/wp-content\/uploads\/2020\/05\/Socialcontatti-1536x1033.png 1536w, https:\/\/lombardocarmelo.it\/wp-content\/uploads\/2020\/05\/Socialcontatti.png 1824w\" sizes=\"(max-width: 1024px) 100vw, 1024px\" \/>\t\t\t\t\t\t\t\t\t\t\t<\/div>\n\t\t\t\t<\/div>\n\t\t\t\t<\/div>\n\t\t\t\t\t\t<\/div>\n\t\t\t\t\t<\/div>\n\t\t<\/div>\n\t\t\t\t\t\t\t\t<\/div>\n\t\t\t\t\t<\/div>\n\t\t<\/section>\n\t\t\t\t\t\t<\/div>\n\t\t\t\t\t<\/div>\n\t\t<\/div>\n\t\t\t\t\t\t\t\t<\/div>\n\t\t\t\t\t<\/div>\n\t\t<\/section>\n\t\t\t\t\t\t<\/div>\n\t\t\t\t\t\t<\/div>\n\t\t\t\t\t<\/div>\n\t\t","protected":false},"excerpt":{"rendered":"<p>Chi sono. Mi chiamo Carmelo Lombardo.&nbsp;Laureato presso l&#8217;Accademia di Belle Arti di Catania in Scenografia, mi specializzo nel settore della grafica e della progettazione 3D. Da diversi anni mi occupo di Design, Grafica ed Animazione lavorando nel settore come grafico aziendale e freelance. L\u2019arte non riproduce ci\u00f2 che \u00e8 visibile, ma rende visibile ci\u00f2 che&hellip;&nbsp;<a href=\"https:\/\/lombardocarmelo.it\/index.php\/info\/\" class=\"\" rel=\"bookmark\">Leggi tutto &raquo;<span class=\"screen-reader-text\">Info<\/span><\/a><\/p>\n","protected":false},"author":1,"featured_media":0,"parent":0,"menu_order":0,"comment_status":"closed","ping_status":"closed","template":"","meta":{"_monsterinsights_skip_tracking":false,"_monsterinsights_sitenote_active":false,"_monsterinsights_sitenote_note":"","_monsterinsights_sitenote_category":0},"yoast_head":"<!-- This site is optimized with the Yoast SEO plugin v15.2.1 - https:\/\/yoast.com\/wordpress\/plugins\/seo\/ -->\n<title>Info: Chi sono e di cosa mi occupo? &bull; LC Graphics<\/title>\n<meta name=\"description\" content=\"Il mio lavoro consiste nell\u2019aiutare imprenditori e liberi professionisti a migliorare la propria immagine aziendale\" \/>\n<meta name=\"robots\" content=\"index, follow, max-snippet:-1, max-image-preview:large, max-video-preview:-1\" \/>\n<link rel=\"canonical\" href=\"https:\/\/lombardocarmelo.it\/index.php\/info\/\" \/>\n<meta property=\"og:locale\" content=\"it_IT\" \/>\n<meta property=\"og:type\" content=\"article\" \/>\n<meta property=\"og:title\" content=\"Info: Chi sono e di cosa mi occupo? &bull; LC Graphics\" \/>\n<meta property=\"og:description\" content=\"Il mio lavoro consiste nell\u2019aiutare imprenditori e liberi professionisti a migliorare la propria immagine aziendale\" \/>\n<meta property=\"og:url\" content=\"https:\/\/lombardocarmelo.it\/index.php\/info\/\" \/>\n<meta property=\"og:site_name\" content=\"LC Graphics\" \/>\n<meta property=\"article:publisher\" content=\"https:\/\/www.facebook.com\/LC-Visual-Designer-112481603882416\/\" \/>\n<meta property=\"article:author\" content=\"https:\/\/www.facebook.com\/lombardo.carmelo\" \/>\n<meta property=\"article:modified_time\" content=\"2022-01-22T16:54:57+00:00\" \/>\n<meta property=\"og:image\" content=\"http:\/\/lombardocarmelo.it\/wp-content\/uploads\/2019\/12\/46348648_10215206346364465_7567358365504897024_o.jpg\" \/>\n<meta name=\"twitter:card\" content=\"summary_large_image\" \/>\n<meta name=\"twitter:label1\" content=\"Scritto da\">\n\t<meta name=\"twitter:data1\" content=\"carmelotelombardo@gmail.com\">\n\t<meta name=\"twitter:label2\" content=\"Tempo di lettura stimato\">\n\t<meta name=\"twitter:data2\" content=\"0 minuti\">\n<script type=\"application\/ld+json\" class=\"yoast-schema-graph\">{\"@context\":\"https:\/\/schema.org\",\"@graph\":[{\"@type\":\"Organization\",\"@id\":\"https:\/\/lombardocarmelo.it\/#organization\",\"name\":\"Lc Graphic\",\"url\":\"https:\/\/lombardocarmelo.it\/\",\"sameAs\":[\"https:\/\/www.facebook.com\/LC-Visual-Designer-112481603882416\/\",\"https:\/\/www.instagram.com\/aki_te\/\",\"https:\/\/www.linkedin.com\/in\/carmelo-lombardo-7aa44a108\/\"],\"logo\":{\"@type\":\"ImageObject\",\"@id\":\"https:\/\/lombardocarmelo.it\/#logo\",\"inLanguage\":\"it-IT\",\"url\":\"https:\/\/lombardocarmelo.it\/wp-content\/uploads\/2020\/05\/favicon.png\",\"width\":1080,\"height\":1080,\"caption\":\"Lc Graphic\"},\"image\":{\"@id\":\"https:\/\/lombardocarmelo.it\/#logo\"}},{\"@type\":\"WebSite\",\"@id\":\"https:\/\/lombardocarmelo.it\/#website\",\"url\":\"https:\/\/lombardocarmelo.it\/\",\"name\":\"LC Graphics\",\"description\":\"\",\"publisher\":{\"@id\":\"https:\/\/lombardocarmelo.it\/#organization\"},\"potentialAction\":[{\"@type\":\"SearchAction\",\"target\":\"https:\/\/lombardocarmelo.it\/?s={search_term_string}\",\"query-input\":\"required name=search_term_string\"}],\"inLanguage\":\"it-IT\"},{\"@type\":\"ImageObject\",\"@id\":\"https:\/\/lombardocarmelo.it\/index.php\/info\/#primaryimage\",\"inLanguage\":\"it-IT\",\"url\":\"http:\/\/lombardocarmelo.it\/wp-content\/uploads\/2019\/12\/46348648_10215206346364465_7567358365504897024_o.jpg\"},{\"@type\":\"WebPage\",\"@id\":\"https:\/\/lombardocarmelo.it\/index.php\/info\/#webpage\",\"url\":\"https:\/\/lombardocarmelo.it\/index.php\/info\/\",\"name\":\"Info: Chi sono e di cosa mi occupo? &bull; LC Graphics\",\"isPartOf\":{\"@id\":\"https:\/\/lombardocarmelo.it\/#website\"},\"primaryImageOfPage\":{\"@id\":\"https:\/\/lombardocarmelo.it\/index.php\/info\/#primaryimage\"},\"datePublished\":\"2020-02-20T09:12:25+00:00\",\"dateModified\":\"2022-01-22T16:54:57+00:00\",\"description\":\"Il mio lavoro consiste nell\\u2019aiutare imprenditori e liberi professionisti a migliorare la propria immagine aziendale\",\"inLanguage\":\"it-IT\",\"potentialAction\":[{\"@type\":\"ReadAction\",\"target\":[\"https:\/\/lombardocarmelo.it\/index.php\/info\/\"]}]}]}<\/script>\n<!-- \/ Yoast SEO plugin. -->","_links":{"self":[{"href":"https:\/\/lombardocarmelo.it\/index.php\/wp-json\/wp\/v2\/pages\/1327"}],"collection":[{"href":"https:\/\/lombardocarmelo.it\/index.php\/wp-json\/wp\/v2\/pages"}],"about":[{"href":"https:\/\/lombardocarmelo.it\/index.php\/wp-json\/wp\/v2\/types\/page"}],"author":[{"embeddable":true,"href":"https:\/\/lombardocarmelo.it\/index.php\/wp-json\/wp\/v2\/users\/1"}],"replies":[{"embeddable":true,"href":"https:\/\/lombardocarmelo.it\/index.php\/wp-json\/wp\/v2\/comments?post=1327"}],"version-history":[{"count":9,"href":"https:\/\/lombardocarmelo.it\/index.php\/wp-json\/wp\/v2\/pages\/1327\/revisions"}],"predecessor-version":[{"id":2483,"href":"https:\/\/lombardocarmelo.it\/index.php\/wp-json\/wp\/v2\/pages\/1327\/revisions\/2483"}],"wp:attachment":[{"href":"https:\/\/lombardocarmelo.it\/index.php\/wp-json\/wp\/v2\/media?parent=1327"}],"curies":[{"name":"wp","href":"https:\/\/api.w.org\/{rel}","templated":true}]}}