{"id":674,"date":"2019-12-06T23:50:21","date_gmt":"2019-12-06T23:50:21","guid":{"rendered":"http:\/\/carmelol.sg-host.com\/?page_id=674"},"modified":"2022-01-22T16:55:21","modified_gmt":"2022-01-22T16:55:21","slug":"social-media-marketing","status":"publish","type":"page","link":"https:\/\/lombardocarmelo.it\/index.php\/social-media-marketing\/","title":{"rendered":"Social Media"},"content":{"rendered":"\t\t<div data-elementor-type=\"wp-page\" data-elementor-id=\"674\" class=\"elementor elementor-674\" data-elementor-settings=\"[]\">\n\t\t\t\t\t\t<div class=\"elementor-inner\">\n\t\t\t\t\t\t\t<div class=\"elementor-section-wrap\">\n\t\t\t\t\t\t\t<section class=\"elementor-section elementor-top-section elementor-element elementor-element-06fcdc9 elementor-section-stretched elementor-section-full_width elementor-section-height-min-height elementor-section-items-stretch elementor-section-content-space-evenly elementor-section-height-default\" data-id=\"06fcdc9\" data-element_type=\"section\" data-settings=\"{&quot;stretch_section&quot;:&quot;section-stretched&quot;}\">\n\t\t\t\t\t\t<div class=\"elementor-container elementor-column-gap-no\">\n\t\t\t\t\t\t\t<div class=\"elementor-row\">\n\t\t\t\t\t<div class=\"elementor-column elementor-col-100 elementor-top-column elementor-element elementor-element-200ae94\" data-id=\"200ae94\" data-element_type=\"column\">\n\t\t\t<div class=\"elementor-column-wrap elementor-element-populated\">\n\t\t\t\t\t\t\t<div class=\"elementor-widget-wrap\">\n\t\t\t\t\t\t<div class=\"elementor-element elementor-element-faf0d9b elementor-widget elementor-widget-image\" data-id=\"faf0d9b\" data-element_type=\"widget\" data-widget_type=\"image.default\">\n\t\t\t\t<div class=\"elementor-widget-container\">\n\t\t\t\t\t<div class=\"elementor-image\">\n\t\t\t\t\t\t\t\t\t\t<img width=\"2560\" height=\"1707\" src=\"https:\/\/lombardocarmelo.it\/wp-content\/uploads\/2020\/05\/563103-PL2CFB-530-scaled.jpg\" class=\"attachment-full size-full\" alt=\"\" loading=\"lazy\" srcset=\"https:\/\/lombardocarmelo.it\/wp-content\/uploads\/2020\/05\/563103-PL2CFB-530-scaled.jpg 2560w, https:\/\/lombardocarmelo.it\/wp-content\/uploads\/2020\/05\/563103-PL2CFB-530-scaled-600x400.jpg 600w, https:\/\/lombardocarmelo.it\/wp-content\/uploads\/2020\/05\/563103-PL2CFB-530-300x200.jpg 300w, https:\/\/lombardocarmelo.it\/wp-content\/uploads\/2020\/05\/563103-PL2CFB-530-1024x683.jpg 1024w, https:\/\/lombardocarmelo.it\/wp-content\/uploads\/2020\/05\/563103-PL2CFB-530-768x512.jpg 768w, https:\/\/lombardocarmelo.it\/wp-content\/uploads\/2020\/05\/563103-PL2CFB-530-1536x1024.jpg 1536w, https:\/\/lombardocarmelo.it\/wp-content\/uploads\/2020\/05\/563103-PL2CFB-530-2048x1365.jpg 2048w, https:\/\/lombardocarmelo.it\/wp-content\/uploads\/2020\/05\/563103-PL2CFB-530-930x620.jpg 930w\" sizes=\"(max-width: 2560px) 100vw, 2560px\" \/>\t\t\t\t\t\t\t\t\t\t\t<\/div>\n\t\t\t\t<\/div>\n\t\t\t\t<\/div>\n\t\t\t\t\t\t<\/div>\n\t\t\t\t\t<\/div>\n\t\t<\/div>\n\t\t\t\t\t\t\t\t<\/div>\n\t\t\t\t\t<\/div>\n\t\t<\/section>\n\t\t\t\t<section class=\"elementor-section elementor-top-section elementor-element elementor-element-4bd782f elementor-section-boxed elementor-section-height-default elementor-section-height-default\" data-id=\"4bd782f\" data-element_type=\"section\">\n\t\t\t\t\t\t<div class=\"elementor-container elementor-column-gap-default\">\n\t\t\t\t\t\t\t<div class=\"elementor-row\">\n\t\t\t\t\t<div class=\"elementor-column elementor-col-100 elementor-top-column elementor-element elementor-element-a4d8660\" data-id=\"a4d8660\" data-element_type=\"column\">\n\t\t\t<div class=\"elementor-column-wrap elementor-element-populated\">\n\t\t\t\t\t\t\t<div class=\"elementor-widget-wrap\">\n\t\t\t\t\t\t\t\t<\/div>\n\t\t\t\t\t<\/div>\n\t\t<\/div>\n\t\t\t\t\t\t\t\t<\/div>\n\t\t\t\t\t<\/div>\n\t\t<\/section>\n\t\t\t\t<section class=\"elementor-section elementor-top-section elementor-element elementor-element-32a781d elementor-section-boxed elementor-section-height-default elementor-section-height-default\" data-id=\"32a781d\" data-element_type=\"section\">\n\t\t\t\t\t\t<div class=\"elementor-container elementor-column-gap-default\">\n\t\t\t\t\t\t\t<div class=\"elementor-row\">\n\t\t\t\t\t<div class=\"elementor-column elementor-col-100 elementor-top-column elementor-element elementor-element-bd0601e\" data-id=\"bd0601e\" data-element_type=\"column\">\n\t\t\t<div class=\"elementor-column-wrap elementor-element-populated\">\n\t\t\t\t\t\t\t<div class=\"elementor-widget-wrap\">\n\t\t\t\t\t\t<div class=\"elementor-element elementor-element-9340583 elementor-widget elementor-widget-heading\" data-id=\"9340583\" data-element_type=\"widget\" data-widget_type=\"heading.default\">\n\t\t\t\t<div class=\"elementor-widget-container\">\n\t\t\t<h2 class=\"elementor-heading-title elementor-size-default\"><h2 style=\"-webkit-tap-highlight-color: transparent; font-family: Raleway, sans-serif; font-weight: 500; color: rgb(249, 178, 50); font-size: 45px; text-shadow: rgba(0, 0, 0, 0.3) 0px 0px 4px; letter-spacing: normal; text-align: center; white-space: normal;\">Servizi di<br style=\"-webkit-tap-highlight-color: transparent;\">Social Media Marketing<\/h2><\/h2>\t\t<\/div>\n\t\t\t\t<\/div>\n\t\t\t\t\t\t<\/div>\n\t\t\t\t\t<\/div>\n\t\t<\/div>\n\t\t\t\t\t\t\t\t<\/div>\n\t\t\t\t\t<\/div>\n\t\t<\/section>\n\t\t\t\t<section class=\"elementor-section elementor-top-section elementor-element elementor-element-3002543 elementor-section-boxed elementor-section-height-default elementor-section-height-default\" data-id=\"3002543\" data-element_type=\"section\">\n\t\t\t\t\t\t<div class=\"elementor-container elementor-column-gap-default\">\n\t\t\t\t\t\t\t<div class=\"elementor-row\">\n\t\t\t\t\t<div class=\"elementor-column elementor-col-100 elementor-top-column elementor-element elementor-element-b5df782\" data-id=\"b5df782\" data-element_type=\"column\">\n\t\t\t<div class=\"elementor-column-wrap elementor-element-populated\">\n\t\t\t\t\t\t\t<div class=\"elementor-widget-wrap\">\n\t\t\t\t\t\t<div class=\"elementor-element elementor-element-95e1ca2 elementor-widget elementor-widget-text-editor\" data-id=\"95e1ca2\" data-element_type=\"widget\" data-widget_type=\"text-editor.default\">\n\t\t\t\t<div class=\"elementor-widget-container\">\n\t\t\t\t\t<div class=\"elementor-text-editor elementor-clearfix\"><p style=\"-webkit-tap-highlight-color: transparent; margin-bottom: 10px; font-size: 14px; color: #3c4858; font-family: Raleway, sans-serif; text-transform: none;\"><span style=\"-webkit-tap-highlight-color: transparent; font-weight: bold;\">Oggi essere sui social non \u00e8 pi\u00f9 una scelta! <\/span><span style=\"-webkit-tap-highlight-color: transparent;\">Succede sempre pi\u00f9 spesso che diventa necessaria tale presenza<\/span><\/p>\n<p style=\"-webkit-tap-highlight-color: transparent; margin-bottom: 10px; font-size: 14px; color: #3c4858; font-family: Raleway, sans-serif; text-transform: none;\"><span style=\"-webkit-tap-highlight-color: transparent; font-weight: bold;\">I vantaggi di un utilizzo consapevole dei social network sono molteplici,\u00a0<\/span>a partire dalla grandissima opportunit\u00e0 che queste piattaforme ci offrono: quella di instaurare una relazione vera e diretta con i proprio potenziali clienti e aumentare cos\u00ec, conseguentemente, le vendite dei proprio prodotti o servizi.\u00a0<\/p>\n<p style=\"-webkit-tap-highlight-color: transparent; margin-bottom: 10px; font-size: 14px; color: #3c4858; font-family: Raleway, sans-serif; text-transform: none;\">Creare una\u00a0<span style=\"-webkit-tap-highlight-color: transparent; font-weight: bold;\">strategia di social media marketing<\/span>\u00a0in grado di attrarre e fidelizzare gli utenti \u00e8 il primo passo per una corretta gestione dei tuoi canali social, attraverso una comunicazione non solo efficace, ma soprattutto efficiente<\/p><\/div>\n\t\t\t\t<\/div>\n\t\t\t\t<\/div>\n\t\t\t\t<div class=\"elementor-element elementor-element-cf6b17d elementor-widget elementor-widget-heading\" data-id=\"cf6b17d\" data-element_type=\"widget\" data-widget_type=\"heading.default\">\n\t\t\t\t<div class=\"elementor-widget-container\">\n\t\t\t<h2 class=\"elementor-heading-title elementor-size-default\"><div class=\"elementor-element elementor-element-47b97a18 elementor-widget elementor-widget-heading\" data-id=\"47b97a18\" data-element_type=\"widget\" data-widget_type=\"heading.default\" style=\"-webkit-tap-highlight-color: transparent; width: 1120px; text-align: center; color: rgb; font-family: Raleway; font-size: 14px; font-weight: 300; white-space: normal;\"><div class=\"elementor-widget-container\" style=\"-webkit-tap-highlight-color: transparent;\"><h2 class=\"elementor-heading-title elementor-size-default\" style=\"-webkit-tap-highlight-color: transparent; font-family: Raleway, sans-serif; font-weight: 500; color: rgb(249, 178, 50); font-size: 50px; text-shadow: rgba(0, 0, 0, 0.3) 0px 0px 4px;\">Gestione completa dei Social Network<\/h2><div><br><\/div><\/div><\/div><div class=\"elementor-element elementor-element-3f177d3f elementor-widget elementor-widget-text-editor\" data-id=\"3f177d3f\" data-element_type=\"widget\" data-widget_type=\"text-editor.default\" style=\"-webkit-tap-highlight-color: transparent; width: 1120px; margin-bottom: 20px; font-family: Raleway, sans-serif; color: rgb(60, 72, 88); font-size: 14px; font-weight: 300; white-space: normal;\"><div class=\"elementor-widget-container\" style=\"-webkit-tap-highlight-color: transparent;\"><div class=\"elementor-text-editor elementor-clearfix\" style=\"-webkit-tap-highlight-color: transparent;\"><\/div><\/div><\/div><\/h2>\t\t<\/div>\n\t\t\t\t<\/div>\n\t\t\t\t<div class=\"elementor-element elementor-element-314bd76 elementor-widget elementor-widget-text-editor\" data-id=\"314bd76\" data-element_type=\"widget\" data-widget_type=\"text-editor.default\">\n\t\t\t\t<div class=\"elementor-widget-container\">\n\t\t\t\t\t<div class=\"elementor-text-editor elementor-clearfix\"><div style=\"-webkit-tap-highlight-color: transparent; width: 1120px; font-family: Raleway, sans-serif; color: #3c4858; font-size: 14px; text-transform: none;\" data-id=\"3f177d3f\" data-element_type=\"widget\" data-widget_type=\"text-editor.default\">\n<div style=\"-webkit-tap-highlight-color: transparent;\">\n<div style=\"-webkit-tap-highlight-color: transparent;\">\n<p style=\"-webkit-tap-highlight-color: transparent; margin-bottom: 10px; font-size: inherit;\"><span style=\"-webkit-tap-highlight-color: transparent; font-weight: bold;\">Gestisco in prima persona i tuoi canali social<\/span>, creo per te la strategia da seguire, il&nbsp;<span style=\"-webkit-tap-highlight-color: transparent; font-weight: bold;\">calendario editoriale<\/span>, le grafiche delle pubblicazioni e mi occupo anche di ideare campagne pubblicitarie ad hoc per il tuo business.&nbsp;<\/p>\n<\/div>\n<\/div>\n<\/div>\n<div style=\"-webkit-tap-highlight-color: transparent; width: 1120px; margin-bottom: 20px; font-family: Raleway, sans-serif; color: #3c4858; font-size: 14px; text-transform: none;\" data-id=\"66955be4\" data-element_type=\"widget\" data-widget_type=\"text-editor.default\">\n<div style=\"-webkit-tap-highlight-color: transparent;\">\n<div style=\"-webkit-tap-highlight-color: transparent;\">\n<p style=\"-webkit-tap-highlight-color: transparent; margin-bottom: 10px; font-size: inherit;\">Al momento&nbsp;<span style=\"-webkit-tap-highlight-color: transparent; font-weight: bold;\">Facebook e Instagram<\/span>&nbsp;sono i due social per cui ricevo pi\u00f9 richieste, per questo ho concentrato i miei servizi su questi due canali. Se per\u00f2 avessi bisogno di gestire il tuo profilo Pinterest o Linkedin, ad esempio, puoi&nbsp;<span style=\"-webkit-tap-highlight-color: transparent; font-weight: bold;\">contattarmi via email&nbsp;<\/span>e insieme troveremo la soluzione pi\u00f9 adatta alle tue esigenze.&nbsp;<\/p>\n<p style=\"-webkit-tap-highlight-color: transparent; margin-bottom: 10px; font-size: inherit;\">\n<\/p><div style=\"-webkit-tap-highlight-color: transparent; width: 1120px; text-align: center; font-family: Raleway;\" data-id=\"a77cb66\" data-element_type=\"widget\" data-widget_type=\"heading.default\">\n<div style=\"-webkit-tap-highlight-color: transparent;\">\n<h4 style=\"-webkit-tap-highlight-color: transparent; font-family: Raleway; font-weight: 500; color: inherit; font-size: 27px;\"><span style=\"-webkit-tap-highlight-color: transparent; font-weight: bold;\">a partire da 100,00\u20ac\/mese<\/span><\/h4>\n<\/div>\n<\/div>\n<div style=\"-webkit-tap-highlight-color: transparent; width: 1120px; font-family: Raleway;\" data-id=\"66e11d90\" data-element_type=\"widget\" data-widget_type=\"button.default\">\n<div style=\"-webkit-tap-highlight-color: transparent;\">\n<div style=\"-webkit-tap-highlight-color: transparent;\">&nbsp;<\/div>\n<\/div>\n<\/div>\n<\/div>\n<\/div>\n<\/div><\/div>\n\t\t\t\t<\/div>\n\t\t\t\t<\/div>\n\t\t\t\t<div class=\"elementor-element elementor-element-0538948 elementor-button-info elementor-align-center elementor-widget elementor-widget-button\" data-id=\"0538948\" data-element_type=\"widget\" data-widget_type=\"button.default\">\n\t\t\t\t<div class=\"elementor-widget-container\">\n\t\t\t\t\t<div class=\"elementor-button-wrapper\">\n\t\t\t<a href=\"http:\/\/lombardocarmelo.it\/index.php\/gestione-dei-social-network\/\" target=\"_blank\" class=\"elementor-button-link elementor-button elementor-size-md\" role=\"button\">\n\t\t\t\t\t\t<span class=\"elementor-button-content-wrapper\">\n\t\t\t\t\t\t<span class=\"elementor-button-text\">Dettagli<\/span>\n\t\t<\/span>\n\t\t\t\t\t<\/a>\n\t\t<\/div>\n\t\t\t\t<\/div>\n\t\t\t\t<\/div>\n\t\t\t\t\t\t<\/div>\n\t\t\t\t\t<\/div>\n\t\t<\/div>\n\t\t\t\t\t\t\t\t<\/div>\n\t\t\t\t\t<\/div>\n\t\t<\/section>\n\t\t\t\t\t\t<\/div>\n\t\t\t\t\t\t<\/div>\n\t\t\t\t\t<\/div>\n\t\t","protected":false},"excerpt":{"rendered":"<p>Servizi diSocial Media Marketing Oggi essere sui social non \u00e8 pi\u00f9 una scelta! Succede sempre pi\u00f9 spesso che diventa necessaria tale presenza I vantaggi di un utilizzo consapevole dei social network sono molteplici,\u00a0a partire dalla grandissima opportunit\u00e0 che queste piattaforme ci offrono: quella di instaurare una relazione vera e diretta con i proprio potenziali clienti&hellip;&nbsp;<a href=\"https:\/\/lombardocarmelo.it\/index.php\/social-media-marketing\/\" class=\"\" rel=\"bookmark\">Leggi tutto &raquo;<span class=\"screen-reader-text\">Social Media<\/span><\/a><\/p>\n","protected":false},"author":1,"featured_media":0,"parent":0,"menu_order":0,"comment_status":"closed","ping_status":"closed","template":"","meta":{"_monsterinsights_skip_tracking":false,"_monsterinsights_sitenote_active":false,"_monsterinsights_sitenote_note":"","_monsterinsights_sitenote_category":0},"yoast_head":"<!-- This site is optimized with the Yoast SEO plugin v15.2.1 - https:\/\/yoast.com\/wordpress\/plugins\/seo\/ -->\n<title>Servizi di Social Media Marketing e Gestione Social Network &bull; LC Graphics<\/title>\n<meta name=\"description\" content=\"Comunicazione sui social, sia a livello di contenuti che di creazione della strategia e ideazione di campagne pubblicitarie su misura\" \/>\n<meta name=\"robots\" content=\"index, follow, max-snippet:-1, max-image-preview:large, max-video-preview:-1\" \/>\n<link rel=\"canonical\" href=\"https:\/\/lombardocarmelo.it\/index.php\/social-media-marketing\/\" \/>\n<meta property=\"og:locale\" content=\"it_IT\" \/>\n<meta property=\"og:type\" content=\"article\" \/>\n<meta property=\"og:title\" content=\"Servizi di Social Media Marketing e Gestione Social Network &bull; LC Graphics\" \/>\n<meta property=\"og:description\" content=\"Comunicazione sui social, sia a livello di contenuti che di creazione della strategia e ideazione di campagne pubblicitarie su misura\" \/>\n<meta property=\"og:url\" content=\"https:\/\/lombardocarmelo.it\/index.php\/social-media-marketing\/\" \/>\n<meta property=\"og:site_name\" content=\"LC Graphics\" \/>\n<meta property=\"article:publisher\" content=\"https:\/\/www.facebook.com\/LC-Visual-Designer-112481603882416\/\" \/>\n<meta property=\"article:author\" content=\"https:\/\/www.facebook.com\/lombardo.carmelo\" \/>\n<meta property=\"article:modified_time\" content=\"2022-01-22T16:55:21+00:00\" \/>\n<meta property=\"og:image\" content=\"http:\/\/lombardocarmelo.it\/wp-content\/uploads\/2020\/05\/563103-PL2CFB-530-scaled.jpg\" \/>\n<meta name=\"twitter:card\" content=\"summary_large_image\" \/>\n<meta name=\"twitter:label1\" content=\"Scritto da\">\n\t<meta name=\"twitter:data1\" content=\"carmelotelombardo@gmail.com\">\n\t<meta name=\"twitter:label2\" content=\"Tempo di lettura stimato\">\n\t<meta name=\"twitter:data2\" content=\"1 minuto\">\n<script type=\"application\/ld+json\" class=\"yoast-schema-graph\">{\"@context\":\"https:\/\/schema.org\",\"@graph\":[{\"@type\":\"Organization\",\"@id\":\"https:\/\/lombardocarmelo.it\/#organization\",\"name\":\"Lc Graphic\",\"url\":\"https:\/\/lombardocarmelo.it\/\",\"sameAs\":[\"https:\/\/www.facebook.com\/LC-Visual-Designer-112481603882416\/\",\"https:\/\/www.instagram.com\/aki_te\/\",\"https:\/\/www.linkedin.com\/in\/carmelo-lombardo-7aa44a108\/\"],\"logo\":{\"@type\":\"ImageObject\",\"@id\":\"https:\/\/lombardocarmelo.it\/#logo\",\"inLanguage\":\"it-IT\",\"url\":\"https:\/\/lombardocarmelo.it\/wp-content\/uploads\/2020\/05\/favicon.png\",\"width\":1080,\"height\":1080,\"caption\":\"Lc Graphic\"},\"image\":{\"@id\":\"https:\/\/lombardocarmelo.it\/#logo\"}},{\"@type\":\"WebSite\",\"@id\":\"https:\/\/lombardocarmelo.it\/#website\",\"url\":\"https:\/\/lombardocarmelo.it\/\",\"name\":\"LC Graphics\",\"description\":\"\",\"publisher\":{\"@id\":\"https:\/\/lombardocarmelo.it\/#organization\"},\"potentialAction\":[{\"@type\":\"SearchAction\",\"target\":\"https:\/\/lombardocarmelo.it\/?s={search_term_string}\",\"query-input\":\"required name=search_term_string\"}],\"inLanguage\":\"it-IT\"},{\"@type\":\"ImageObject\",\"@id\":\"https:\/\/lombardocarmelo.it\/index.php\/social-media-marketing\/#primaryimage\",\"inLanguage\":\"it-IT\",\"url\":\"http:\/\/lombardocarmelo.it\/wp-content\/uploads\/2020\/05\/563103-PL2CFB-530-scaled.jpg\"},{\"@type\":\"WebPage\",\"@id\":\"https:\/\/lombardocarmelo.it\/index.php\/social-media-marketing\/#webpage\",\"url\":\"https:\/\/lombardocarmelo.it\/index.php\/social-media-marketing\/\",\"name\":\"Servizi di Social Media Marketing e Gestione Social Network &bull; LC Graphics\",\"isPartOf\":{\"@id\":\"https:\/\/lombardocarmelo.it\/#website\"},\"primaryImageOfPage\":{\"@id\":\"https:\/\/lombardocarmelo.it\/index.php\/social-media-marketing\/#primaryimage\"},\"datePublished\":\"2019-12-06T23:50:21+00:00\",\"dateModified\":\"2022-01-22T16:55:21+00:00\",\"description\":\"Comunicazione sui social, sia a livello di contenuti che di creazione della strategia e ideazione di campagne pubblicitarie su misura\",\"inLanguage\":\"it-IT\",\"potentialAction\":[{\"@type\":\"ReadAction\",\"target\":[\"https:\/\/lombardocarmelo.it\/index.php\/social-media-marketing\/\"]}]}]}<\/script>\n<!-- \/ Yoast SEO plugin. -->","_links":{"self":[{"href":"https:\/\/lombardocarmelo.it\/index.php\/wp-json\/wp\/v2\/pages\/674"}],"collection":[{"href":"https:\/\/lombardocarmelo.it\/index.php\/wp-json\/wp\/v2\/pages"}],"about":[{"href":"https:\/\/lombardocarmelo.it\/index.php\/wp-json\/wp\/v2\/types\/page"}],"author":[{"embeddable":true,"href":"https:\/\/lombardocarmelo.it\/index.php\/wp-json\/wp\/v2\/users\/1"}],"replies":[{"embeddable":true,"href":"https:\/\/lombardocarmelo.it\/index.php\/wp-json\/wp\/v2\/comments?post=674"}],"version-history":[{"count":19,"href":"https:\/\/lombardocarmelo.it\/index.php\/wp-json\/wp\/v2\/pages\/674\/revisions"}],"predecessor-version":[{"id":2728,"href":"https:\/\/lombardocarmelo.it\/index.php\/wp-json\/wp\/v2\/pages\/674\/revisions\/2728"}],"wp:attachment":[{"href":"https:\/\/lombardocarmelo.it\/index.php\/wp-json\/wp\/v2\/media?parent=674"}],"curies":[{"name":"wp","href":"https:\/\/api.w.org\/{rel}","templated":true}]}}